{"id":142,"date":"2025-04-30T13:10:38","date_gmt":"2025-04-30T13:10:38","guid":{"rendered":"https:\/\/epoxymester.hu\/?page_id=142"},"modified":"2025-06-19T12:00:14","modified_gmt":"2025-06-19T12:00:14","slug":"szinkatalogus","status":"publish","type":"page","link":"https:\/\/epoxymester.hu\/?page_id=142","title":{"rendered":"Sz\u00ednkatal\u00f3gus"},"content":{"rendered":"<p>[et_pb_section fb_built=&#8221;1&#8243; _builder_version=&#8221;4.16&#8243; global_colors_info=&#8221;{}&#8221;][et_pb_row _builder_version=&#8221;4.27.4&#8243; background_size=&#8221;initial&#8221; background_position=&#8221;top_left&#8221; background_repeat=&#8221;repeat&#8221; global_colors_info=&#8221;{}&#8221;][et_pb_column type=&#8221;4_4&#8243; _builder_version=&#8221;4.27.4&#8243; custom_padding=&#8221;|||&#8221; global_colors_info=&#8221;{}&#8221; custom_padding__hover=&#8221;|||&#8221;][et_pb_text _builder_version=&#8221;4.27.4&#8243; background_size=&#8221;initial&#8221; background_position=&#8221;top_left&#8221; background_repeat=&#8221;repeat&#8221; hover_enabled=&#8221;0&#8243; global_colors_info=&#8221;{}&#8221; sticky_enabled=&#8221;0&#8243;]<!-- divi:paragraph --><span style=\"color: #ffffff; font-size: large;\">Az al\u00e1bbi k\u00e9t dokumentumban tal\u00e1lja az el\u00e9rhet\u0151 sz\u00edneket, ha esetleg ezen fel\u00fcl egyedi sz\u00ednekre lenne sz\u00fcks\u00e9ge vegye fel vel\u00fcnk a kapcsolatot!<\/span><\/p>\n<p>&nbsp;<\/p>\n<p><span style=\"color: #ffffff;\">\u00a0<\/span><\/p>\n<p><span style=\"color: #ffffff;\"><!-- divi:paragraph {\"fontSize\":\"lead\"} --><\/span><\/p>\n<p class=\"has-lead-font-size\"><span style=\"color: #ffffff; font-size: large;\"><strong>L\u00e9pjen vel\u00fcnk kapcsolatba:<\/strong> epoxymester@gmail.com<\/span><\/p>\n<p>&nbsp;<\/p>\n<p>&nbsp;<\/p>\n<p><!-- \/divi:paragraph --><\/p>\n<p>&nbsp;<\/p>\n<p><!-- divi:file {\"id\":143,\"href\":\"https:\/\/epoxymester.hu\/wp-content\/uploads\/2025\/04\/Szinkatalogus1.pdf\",\"displayPreview\":true} --><\/p>\n<div class=\"wp-block-file\"><object class=\"wp-block-file__embed\" data=\"https:\/\/epoxymester.hu\/wp-content\/uploads\/2025\/04\/Szinkatalogus1.pdf\" type=\"application\/pdf\" style=\"width: 100%; height: 5155px;\" aria-label=\"Szinkatalogus1\"><\/object><a id=\"wp-block-file--media-7207f958-1291-4369-903a-12794db935b7\" href=\"https:\/\/epoxymester.hu\/wp-content\/uploads\/2025\/04\/Szinkatalogus1.pdf\">Szinkatalogus1<\/a><a href=\"https:\/\/epoxymester.hu\/wp-content\/uploads\/2025\/04\/Szinkatalogus1.pdf\" class=\"wp-block-file__button wp-element-button\" download=\"\" aria-describedby=\"wp-block-file--media-7207f958-1291-4369-903a-12794db935b7\">Let\u00f6lt\u00e9s<\/a><\/div>\n<p>&nbsp;<\/p>\n<p>&nbsp;<\/p>\n<p><!-- \/divi:file --><\/p>\n<p>&nbsp;<\/p>\n<p><!-- divi:file {\"id\":144,\"href\":\"https:\/\/epoxymester.hu\/wp-content\/uploads\/2025\/04\/Szinkatalogus2.pdf\",\"displayPreview\":true} --><\/p>\n<div class=\"wp-block-file\"><object class=\"wp-block-file__embed\" data=\"https:\/\/epoxymester.hu\/wp-content\/uploads\/2025\/04\/Szinkatalogus2.pdf\" type=\"application\/pdf\" style=\"width: 100%; height: 5030px;\" aria-label=\"Szinkatalogus2\"><\/object><a id=\"wp-block-file--media-618724f5-3730-4ed7-8b5f-5a14919607e2\" href=\"https:\/\/epoxymester.hu\/wp-content\/uploads\/2025\/04\/Szinkatalogus2.pdf\">Szinkatalogus2<\/a><a href=\"https:\/\/epoxymester.hu\/wp-content\/uploads\/2025\/04\/Szinkatalogus2.pdf\" class=\"wp-block-file__button wp-element-button\" download=\"\" aria-describedby=\"wp-block-file--media-618724f5-3730-4ed7-8b5f-5a14919607e2\">Let\u00f6lt\u00e9s<\/a><\/div>\n<p>&nbsp;<\/p>\n<p>&nbsp;<\/p>\n<p><!-- \/divi:file -->[\/et_pb_text][\/et_pb_column][\/et_pb_row][\/et_pb_section]<\/p>\n","protected":false},"excerpt":{"rendered":"<p>Az al\u00e1bbi k\u00e9t dokumentumban tal\u00e1lja az el\u00e9rhet\u0151 sz\u00edneket, ha esetleg ezen fel\u00fcl egyedi sz\u00ednekre lenne sz\u00fcks\u00e9ge vegye fel vel\u00fcnk a kapcsolatot! &nbsp; \u00a0 L\u00e9pjen vel\u00fcnk kapcsolatba: epoxymester@gmail.com &nbsp; &nbsp; &nbsp; Szinkatalogus1Let\u00f6lt\u00e9s &nbsp; &nbsp; &nbsp; Szinkatalogus2Let\u00f6lt\u00e9s &nbsp; &nbsp;<\/p>\n","protected":false},"author":2,"featured_media":0,"parent":0,"menu_order":0,"comment_status":"closed","ping_status":"closed","template":"","meta":{"_et_pb_use_builder":"on","_et_pb_old_content":"<!-- wp:paragraph -->\n<p>Az al\u00e1bbi k\u00e9t dokumentumban tal\u00e1lja az el\u00e9rhet\u0151 sz\u00edneket, ha esetleg ezen fel\u00fcl egyedi sz\u00ednekre lenne sz\u00fcks\u00e9ge vegye fel vel\u00fcnk a kapcsolatot!<\/p>\n<!-- \/wp:paragraph -->\n\n<!-- wp:paragraph {\"fontSize\":\"lead\"} -->\n<p class=\"has-lead-font-size\"><strong>L\u00e9pjen vel\u00fcnk kapcsolatba:<\/strong> epoxymester@gmail.com<\/p>\n<!-- \/wp:paragraph -->\n\n<!-- wp:file {\"id\":143,\"href\":\"https:\/\/epoxymester.hu\/wp-content\/uploads\/2025\/04\/Szinkatalogus1.pdf\",\"displayPreview\":true} -->\n<div class=\"wp-block-file\"><object class=\"wp-block-file__embed\" data=\"https:\/\/epoxymester.hu\/wp-content\/uploads\/2025\/04\/Szinkatalogus1.pdf\" type=\"application\/pdf\" style=\"width:100%;height:600px\" aria-label=\"Szinkatalogus1\"><\/object><a id=\"wp-block-file--media-7207f958-1291-4369-903a-12794db935b7\" href=\"https:\/\/epoxymester.hu\/wp-content\/uploads\/2025\/04\/Szinkatalogus1.pdf\">Szinkatalogus1<\/a><a href=\"https:\/\/epoxymester.hu\/wp-content\/uploads\/2025\/04\/Szinkatalogus1.pdf\" class=\"wp-block-file__button wp-element-button\" download aria-describedby=\"wp-block-file--media-7207f958-1291-4369-903a-12794db935b7\">Let\u00f6lt\u00e9s<\/a><\/div>\n<!-- \/wp:file -->\n\n<!-- wp:file {\"id\":144,\"href\":\"https:\/\/epoxymester.hu\/wp-content\/uploads\/2025\/04\/Szinkatalogus2.pdf\",\"displayPreview\":true} -->\n<div class=\"wp-block-file\"><object class=\"wp-block-file__embed\" data=\"https:\/\/epoxymester.hu\/wp-content\/uploads\/2025\/04\/Szinkatalogus2.pdf\" type=\"application\/pdf\" style=\"width:100%;height:600px\" aria-label=\"Szinkatalogus2\"><\/object><a id=\"wp-block-file--media-618724f5-3730-4ed7-8b5f-5a14919607e2\" href=\"https:\/\/epoxymester.hu\/wp-content\/uploads\/2025\/04\/Szinkatalogus2.pdf\">Szinkatalogus2<\/a><a href=\"https:\/\/epoxymester.hu\/wp-content\/uploads\/2025\/04\/Szinkatalogus2.pdf\" class=\"wp-block-file__button wp-element-button\" download aria-describedby=\"wp-block-file--media-618724f5-3730-4ed7-8b5f-5a14919607e2\">Let\u00f6lt\u00e9s<\/a><\/div>\n<!-- \/wp:file -->","_et_gb_content_width":"","footnotes":""},"class_list":["post-142","page","type-page","status-publish","hentry"],"_links":{"self":[{"href":"https:\/\/epoxymester.hu\/index.php?rest_route=\/wp\/v2\/pages\/142","targetHints":{"allow":["GET"]}}],"collection":[{"href":"https:\/\/epoxymester.hu\/index.php?rest_route=\/wp\/v2\/pages"}],"about":[{"href":"https:\/\/epoxymester.hu\/index.php?rest_route=\/wp\/v2\/types\/page"}],"author":[{"embeddable":true,"href":"https:\/\/epoxymester.hu\/index.php?rest_route=\/wp\/v2\/users\/2"}],"replies":[{"embeddable":true,"href":"https:\/\/epoxymester.hu\/index.php?rest_route=%2Fwp%2Fv2%2Fcomments&post=142"}],"version-history":[{"count":7,"href":"https:\/\/epoxymester.hu\/index.php?rest_route=\/wp\/v2\/pages\/142\/revisions"}],"predecessor-version":[{"id":431,"href":"https:\/\/epoxymester.hu\/index.php?rest_route=\/wp\/v2\/pages\/142\/revisions\/431"}],"wp:attachment":[{"href":"https:\/\/epoxymester.hu\/index.php?rest_route=%2Fwp%2Fv2%2Fmedia&parent=142"}],"curies":[{"name":"wp","href":"https:\/\/api.w.org\/{rel}","templated":true}]}}