{"id":147,"date":"2025-04-30T13:09:20","date_gmt":"2025-04-30T13:09:20","guid":{"rendered":"https:\/\/epoxymester.hu\/?page_id=147"},"modified":"2025-06-19T10:04:04","modified_gmt":"2025-06-19T10:04:04","slug":"elerhetoseg","status":"publish","type":"page","link":"https:\/\/epoxymester.hu\/?page_id=147","title":{"rendered":"El\u00e9rhet\u0151s\u00e9g"},"content":{"rendered":"<p>[et_pb_section fb_built=&#8221;1&#8243; _builder_version=&#8221;4.27.4&#8243; background_color=&#8221;#000000&#8243; hover_enabled=&#8221;0&#8243; global_colors_info=&#8221;{}&#8221; sticky_enabled=&#8221;0&#8243;][et_pb_row _builder_version=&#8221;4.27.4&#8243; background_size=&#8221;initial&#8221; background_position=&#8221;top_left&#8221; background_repeat=&#8221;repeat&#8221; hover_enabled=&#8221;0&#8243; global_colors_info=&#8221;{}&#8221; sticky_enabled=&#8221;0&#8243; width=&#8221;80.8%&#8221;][et_pb_column type=&#8221;4_4&#8243; _builder_version=&#8221;4.27.4&#8243; custom_padding=&#8221;12px||0px||false|false&#8221; hover_enabled=&#8221;0&#8243; global_colors_info=&#8221;{}&#8221; custom_padding__hover=&#8221;|||&#8221; background_color=&#8221;#000000&#8243; border_radii=&#8221;on|12px|12px|12px|12px&#8221; sticky_enabled=&#8221;0&#8243;][et_pb_text _builder_version=&#8221;4.16&#8243; background_size=&#8221;initial&#8221; background_position=&#8221;top_left&#8221; background_repeat=&#8221;repeat&#8221; inline_fonts=&#8221;Albert Sans,Poppins&#8221; global_colors_info=&#8221;{}&#8221; custom_padding=&#8221;|0px||||&#8221;]<\/p>\n<p><strong><!-- divi:paragraph --><\/strong><\/p>\n<p style=\"text-align: center;\"><span style=\"font-family: Poppins; font-weight: normal; font-size: large; color: #ffffff;\"><strong>Email c\u00edm: <a href=\"mailto:epoxymester@gmail.com\">epoxymester@gmail.com<\/a><\/strong><\/span><\/p>\n<p style=\"text-align: center;\"><span style=\"font-family: Poppins; font-weight: normal; font-size: large; color: #ffffff;\"><strong>Telefonsz\u00e1m: +36 20 246 0910, +36 20 997 8733<\/strong><\/span><\/p>\n<p><span style=\"font-family: Poppins; font-weight: normal; font-size: large;\"><strong><!-- \/divi:paragraph --><\/strong><\/span><\/p>\n<p><span style=\"font-family: Poppins; font-weight: normal; font-size: large;\"><strong><!-- divi:paragraph --><\/strong><\/span><\/p>\n<p style=\"text-align: center;\">\n<p><strong><!-- \/divi:paragraph --><\/strong><\/p>\n<p>[\/et_pb_text][\/et_pb_column][\/et_pb_row][\/et_pb_section]<\/p>\n","protected":false},"excerpt":{"rendered":"<p>Email c\u00edm: epoxymester@gmail.com Telefonsz\u00e1m: +36 20 246 0910, +36 20 997 8733<\/p>\n","protected":false},"author":2,"featured_media":0,"parent":0,"menu_order":0,"comment_status":"closed","ping_status":"closed","template":"","meta":{"_et_pb_use_builder":"on","_et_pb_old_content":"<!-- wp:paragraph -->\n<p>Email c\u00edm: epoxymester@gmail.com<\/p>\n<!-- \/wp:paragraph -->\n\n<!-- wp:paragraph -->\n<p>Telefonsz\u00e1m: +36 20 246 0910, +36 20 997 8733<\/p>\n<!-- \/wp:paragraph -->","_et_gb_content_width":"","footnotes":""},"class_list":["post-147","page","type-page","status-publish","hentry"],"_links":{"self":[{"href":"https:\/\/epoxymester.hu\/index.php?rest_route=\/wp\/v2\/pages\/147","targetHints":{"allow":["GET"]}}],"collection":[{"href":"https:\/\/epoxymester.hu\/index.php?rest_route=\/wp\/v2\/pages"}],"about":[{"href":"https:\/\/epoxymester.hu\/index.php?rest_route=\/wp\/v2\/types\/page"}],"author":[{"embeddable":true,"href":"https:\/\/epoxymester.hu\/index.php?rest_route=\/wp\/v2\/users\/2"}],"replies":[{"embeddable":true,"href":"https:\/\/epoxymester.hu\/index.php?rest_route=%2Fwp%2Fv2%2Fcomments&post=147"}],"version-history":[{"count":8,"href":"https:\/\/epoxymester.hu\/index.php?rest_route=\/wp\/v2\/pages\/147\/revisions"}],"predecessor-version":[{"id":394,"href":"https:\/\/epoxymester.hu\/index.php?rest_route=\/wp\/v2\/pages\/147\/revisions\/394"}],"wp:attachment":[{"href":"https:\/\/epoxymester.hu\/index.php?rest_route=%2Fwp%2Fv2%2Fmedia&parent=147"}],"curies":[{"name":"wp","href":"https:\/\/api.w.org\/{rel}","templated":true}]}}