{"id":175,"date":"2025-06-17T11:57:25","date_gmt":"2025-06-17T11:57:25","guid":{"rendered":"https:\/\/epoxymester.hu\/?page_id=175"},"modified":"2025-06-19T10:46:41","modified_gmt":"2025-06-19T10:46:41","slug":"portfolio","status":"publish","type":"page","link":"https:\/\/epoxymester.hu\/?page_id=175","title":{"rendered":"Portfolio"},"content":{"rendered":"<p>[et_pb_section fb_built=&#8221;1&#8243; _builder_version=&#8221;4.27.4&#8243; _module_preset=&#8221;default&#8221; global_colors_info=&#8221;{}&#8221;][et_pb_row _builder_version=&#8221;4.27.4&#8243; _module_preset=&#8221;default&#8221; global_colors_info=&#8221;{}&#8221;][et_pb_column type=&#8221;4_4&#8243; _builder_version=&#8221;4.27.4&#8243; _module_preset=&#8221;default&#8221; global_colors_info=&#8221;{}&#8221;][et_pb_text _builder_version=&#8221;4.27.4&#8243; _module_preset=&#8221;default&#8221; text_font=&#8221;Poppins||||||||&#8221; text_text_color=&#8221;#FFFFFF&#8221; text_font_size=&#8221;47px&#8221; text_orientation=&#8221;center&#8221; min_height=&#8221;4.2px&#8221; animation_style=&#8221;bounce&#8221; global_colors_info=&#8221;{}&#8221;]<\/p>\n<p>Referencia Munk\u00e1ink<\/p>\n<p>[\/et_pb_text][et_pb_slider _builder_version=&#8221;4.27.4&#8243; _module_preset=&#8221;default&#8221; hover_enabled=&#8221;0&#8243; global_colors_info=&#8221;{}&#8221; sticky_enabled=&#8221;0&#8243; display_conditions=&#8221;W3siaWQiOiIzNmJkMmEyNS1iZTE5LTQ0NDYtODgzZS03NzM3ODgyMzA0NDkiLCJjb25kaXRpb24iOiJvcGVyYXRpbmdTeXN0ZW0iLCJjb25kaXRpb25TZXR0aW5ncyI6eyJkaXNwbGF5UnVsZSI6ImlzTm90Iiwib3BlcmF0aW5nU3lzdGVtcyI6Inx8fGFuZHJvaWR8aXBob25lfHx8fHx8fCIsImFkbWluTGFiZWwiOiJPcGVyw6FjacOzcyByZW5kc3plciIsImVuYWJsZUNvbmRpdGlvbiI6Im9uIn0sIm9wZXJhdG9yIjoiT1IifV0=&#8221; link_option_url=&#8221;https:\/\/epoxymester.hu\/?page_id=46&#038;et_fb=1&#038;PageSpeed=off&#8221;][et_pb_slide heading=&#8221;Kerti t\u00e1rol\u00f3&#8221; button_text=&#8221;Nekem is kell!&#8221; image=&#8221;https:\/\/epoxymester.hu\/wp-content\/uploads\/2025\/03\/IMG_5087-1-scaled.jpg&#8221; _builder_version=&#8221;4.27.4&#8243; _module_preset=&#8221;default&#8221; header_font=&#8221;Poppins||||||||&#8221; header_text_color=&#8221;#FFFFFF&#8221; header_font_size=&#8221;54px&#8221; body_font=&#8221;Poppins||||||||&#8221; body_text_color=&#8221;#FFFFFF&#8221; body_font_size=&#8221;18px&#8221; custom_button=&#8221;on&#8221; button_text_size=&#8221;20px&#8221; button_text_color=&#8221;#FFFFFF&#8221; button_bg_color=&#8221;#8300E9&#8243; button_border_color=&#8221;#FFFFFF&#8221; button_border_radius=&#8221;18px&#8221; button_font=&#8221;Poppins||||||||&#8221; button_icon=&#8221;&#x3d;||divi||400&#8243; hover_enabled=&#8221;0&#8243; global_colors_info=&#8221;{}&#8221; sticky_transition=&#8221;on&#8221; display_conditions=&#8221;W10=&#8221; sticky_enabled=&#8221;0&#8243; button_link=&#8221;https:\/\/epoxymester.hu\/?page_id=46&#038;et_fb=1&#038;PageSpeed=off&#8221;]<\/p>\n<p>Lila-Fekete epoxyt teritett\u00fcnk az \u00fcgyf\u00e9l \u00e1ltal v\u00e1lasztott f\u00e1tyol mint\u00e1zatban.<\/p>\n<p>[\/et_pb_slide][et_pb_slide heading=&#8221;Priv\u00e1t Gar\u00e1zs&#8221; button_text=&#8221;Nekem is kell!&#8221; image=&#8221;https:\/\/epoxymester.hu\/wp-content\/uploads\/2025\/06\/IMG_5462-scaled.jpeg&#8221; _builder_version=&#8221;4.27.4&#8243; _module_preset=&#8221;default&#8221; header_font=&#8221;Poppins||||||||&#8221; header_text_color=&#8221;#FFFFFF&#8221; header_font_size=&#8221;54px&#8221; body_font=&#8221;Poppins||||||||&#8221; body_text_color=&#8221;#FFFFFF&#8221; body_font_size=&#8221;18px&#8221; custom_button=&#8221;on&#8221; button_text_size=&#8221;20px&#8221; button_text_color=&#8221;#FFFFFF&#8221; button_bg_color=&#8221;#8300E9&#8243; button_border_color=&#8221;#FFFFFF&#8221; button_border_radius=&#8221;18px&#8221; button_font=&#8221;Poppins||||||||&#8221; button_icon=&#8221;&#x3d;||divi||400&#8243; hover_enabled=&#8221;0&#8243; global_colors_info=&#8221;{}&#8221; sticky_transition=&#8221;on&#8221; sticky_enabled=&#8221;0&#8243; button_link=&#8221;https:\/\/epoxymester.hu\/?page_id=46&#038;et_fb=1&#038;PageSpeed=off&#8221;]<\/p>\n<p>Fekete-Sz\u00fcrke-Gy\u00f6ngyh\u00e1z Feh\u00e9r szinek \u00f6tv\u00f6zet\u00e9t \u00f6nt\u00f6tt\u00fck az aljzatra. A v\u00e9geredm\u00e9ny \u00f6nmag\u00e1\u00e9rt besz\u00e9l!<\/p>\n<p>[\/et_pb_slide][et_pb_slide heading=&#8221;El\u0151szoba&#8221; button_text=&#8221;Nekem is kell!&#8221; image=&#8221;https:\/\/epoxymester.hu\/wp-content\/uploads\/2025\/03\/marblefloor.jpg&#8221; _builder_version=&#8221;4.27.4&#8243; _module_preset=&#8221;default&#8221; header_font=&#8221;Poppins||||||||&#8221; header_text_color=&#8221;#FFFFFF&#8221; header_font_size=&#8221;54px&#8221; body_font=&#8221;Poppins||||||||&#8221; body_text_color=&#8221;#FFFFFF&#8221; body_font_size=&#8221;18px&#8221; custom_button=&#8221;on&#8221; button_text_size=&#8221;20px&#8221; button_text_color=&#8221;#FFFFFF&#8221; button_bg_color=&#8221;#8300E9&#8243; button_border_color=&#8221;#FFFFFF&#8221; button_border_radius=&#8221;18px&#8221; button_font=&#8221;Poppins||||||||&#8221; button_icon=&#8221;&#x3d;||divi||400&#8243; hover_enabled=&#8221;0&#8243; global_colors_info=&#8221;{}&#8221; sticky_transition=&#8221;on&#8221; sticky_enabled=&#8221;0&#8243; button_link=&#8221;https:\/\/epoxymester.hu\/?page_id=46&#038;et_fb=1&#038;PageSpeed=off&#8221;]<\/p>\n<p>Lakoss\u00e1gi terekhez t\u00f6k\u00e9letes v\u00e1laszt\u00e1s ha eleged van m\u00e1r a fuga takarit\u00e1sb\u00f3l de ragaszkodsz a m\u00e1rv\u00e1ny designhoz!<\/p>\n<p>[\/et_pb_slide][\/et_pb_slider][et_pb_slider _builder_version=&#8221;4.27.4&#8243; _module_preset=&#8221;default&#8221; hover_enabled=&#8221;0&#8243; global_colors_info=&#8221;{}&#8221; sticky_enabled=&#8221;0&#8243; display_conditions=&#8221;W3siaWQiOiIyNjIwZDcyZC1iNmUzLTQzMWMtYjNhMC1hZGMxYzdiOWVhYzMiLCJjb25kaXRpb24iOiJvcGVyYXRpbmdTeXN0ZW0iLCJjb25kaXRpb25TZXR0aW5ncyI6eyJkaXNwbGF5UnVsZSI6ImlzTm90Iiwib3BlcmF0aW5nU3lzdGVtcyI6IndpbmRvd3N8bWFjb3N8fHx8aXBhZHx8fHx8fCIsImFkbWluTGFiZWwiOiJPcGVyw6FjacOzcyByZW5kc3plciIsImVuYWJsZUNvbmRpdGlvbiI6Im9uIn0sIm9wZXJhdG9yIjoiT1IifV0=&#8221; link_option_url=&#8221;https:\/\/epoxymester.hu\/?page_id=46&#038;et_fb=1&#038;PageSpeed=off&#8221;][et_pb_slide heading=&#8221;Kerti t\u00e1rol\u00f3&#8221; button_text=&#8221;Nekem is kell!&#8221; _builder_version=&#8221;4.27.4&#8243; _module_preset=&#8221;default&#8221; header_font=&#8221;Poppins||||||||&#8221; header_text_color=&#8221;#FFFFFF&#8221; header_font_size=&#8221;54px&#8221; body_font=&#8221;Poppins||||||||&#8221; body_text_color=&#8221;#FFFFFF&#8221; body_font_size=&#8221;18px&#8221; custom_button=&#8221;on&#8221; button_text_size=&#8221;20px&#8221; button_text_color=&#8221;#FFFFFF&#8221; button_bg_color=&#8221;#8300E9&#8243; button_border_color=&#8221;#FFFFFF&#8221; button_border_radius=&#8221;18px&#8221; button_font=&#8221;Poppins||||||||&#8221; button_icon=&#8221;&#x3d;||divi||400&#8243; hover_enabled=&#8221;0&#8243; global_colors_info=&#8221;{}&#8221; sticky_transition=&#8221;on&#8221; display_conditions=&#8221;W10=&#8221; sticky_enabled=&#8221;0&#8243; button_link=&#8221;https:\/\/epoxymester.hu\/?page_id=46&#038;et_fb=1&#038;PageSpeed=off&#8221;]<\/p>\n<p><img loading=\"lazy\" decoding=\"async\" src=\"https:\/\/epoxymester.hu\/wp-content\/uploads\/2025\/03\/IMG_5087-1-271x300.jpg\" width=\"271\" height=\"300\" alt=\"\" class=\"wp-image-135 alignnone size-medium\" srcset=\"https:\/\/epoxymester.hu\/wp-content\/uploads\/2025\/03\/IMG_5087-1-271x300.jpg 271w, https:\/\/epoxymester.hu\/wp-content\/uploads\/2025\/03\/IMG_5087-1-926x1024.jpg 926w, https:\/\/epoxymester.hu\/wp-content\/uploads\/2025\/03\/IMG_5087-1-768x850.jpg 768w, https:\/\/epoxymester.hu\/wp-content\/uploads\/2025\/03\/IMG_5087-1-1389x1536.jpg 1389w, https:\/\/epoxymester.hu\/wp-content\/uploads\/2025\/03\/IMG_5087-1-1851x2048.jpg 1851w, https:\/\/epoxymester.hu\/wp-content\/uploads\/2025\/03\/IMG_5087-1-1170x1294.jpg 1170w\" sizes=\"(max-width: 271px) 100vw, 271px\" \/><\/p>\n<p>Lila-Fekete epoxyt teritett\u00fcnk az \u00fcgyf\u00e9l \u00e1ltal v\u00e1lasztott f\u00e1tyol mint\u00e1zatban.<\/p>\n<p>[\/et_pb_slide][et_pb_slide heading=&#8221;Priv\u00e1t Gar\u00e1zs&#8221; button_text=&#8221;Nekem is kell!&#8221; _builder_version=&#8221;4.27.4&#8243; _module_preset=&#8221;default&#8221; header_font=&#8221;Poppins||||||||&#8221; header_text_color=&#8221;#FFFFFF&#8221; header_font_size=&#8221;54px&#8221; body_font=&#8221;Poppins||||||||&#8221; body_text_color=&#8221;#FFFFFF&#8221; body_font_size=&#8221;18px&#8221; custom_button=&#8221;on&#8221; button_text_size=&#8221;20px&#8221; button_text_color=&#8221;#FFFFFF&#8221; button_bg_color=&#8221;#8300E9&#8243; button_border_color=&#8221;#FFFFFF&#8221; button_border_radius=&#8221;18px&#8221; button_font=&#8221;Poppins||||||||&#8221; button_icon=&#8221;&#x3d;||divi||400&#8243; hover_enabled=&#8221;0&#8243; global_colors_info=&#8221;{}&#8221; sticky_transition=&#8221;on&#8221; sticky_enabled=&#8221;0&#8243; button_link=&#8221;https:\/\/epoxymester.hu\/?page_id=46&#038;et_fb=1&#038;PageSpeed=off&#8221;]<\/p>\n<p><img loading=\"lazy\" decoding=\"async\" src=\"https:\/\/epoxymester.hu\/wp-content\/uploads\/2025\/06\/IMG_5462-225x300.jpeg\" width=\"225\" height=\"300\" alt=\"\" class=\"wp-image-361 alignnone size-medium\" \/><\/p>\n<p>Fekete-Sz\u00fcrke-Gy\u00f6ngyh\u00e1z Feh\u00e9r szinek \u00f6tv\u00f6zet\u00e9t \u00f6nt\u00f6tt\u00fck az aljzatra. A v\u00e9geredm\u00e9ny \u00f6nmag\u00e1\u00e9rt besz\u00e9l!<\/p>\n<p>[\/et_pb_slide][et_pb_slide heading=&#8221;El\u0151szoba&#8221; button_text=&#8221;Nekem is kell!&#8221; _builder_version=&#8221;4.27.4&#8243; _module_preset=&#8221;default&#8221; header_font=&#8221;Poppins||||||||&#8221; header_text_color=&#8221;#FFFFFF&#8221; header_font_size=&#8221;54px&#8221; body_font=&#8221;Poppins||||||||&#8221; body_text_color=&#8221;#FFFFFF&#8221; body_font_size=&#8221;18px&#8221; custom_button=&#8221;on&#8221; button_text_size=&#8221;20px&#8221; button_text_color=&#8221;#FFFFFF&#8221; button_bg_color=&#8221;#8300E9&#8243; button_border_color=&#8221;#FFFFFF&#8221; button_border_radius=&#8221;18px&#8221; button_font=&#8221;Poppins||||||||&#8221; button_icon=&#8221;&#x3d;||divi||400&#8243; hover_enabled=&#8221;0&#8243; global_colors_info=&#8221;{}&#8221; sticky_transition=&#8221;on&#8221; sticky_enabled=&#8221;0&#8243; button_link=&#8221;https:\/\/epoxymester.hu\/?page_id=46&#038;et_fb=1&#038;PageSpeed=off&#8221;]<\/p>\n<p><img loading=\"lazy\" decoding=\"async\" src=\"https:\/\/epoxymester.hu\/wp-content\/uploads\/2025\/03\/marblefloor-225x300.jpg\" width=\"225\" height=\"300\" alt=\"\" class=\"wp-image-132 alignnone size-medium\" srcset=\"https:\/\/epoxymester.hu\/wp-content\/uploads\/2025\/03\/marblefloor-225x300.jpg 225w, https:\/\/epoxymester.hu\/wp-content\/uploads\/2025\/03\/marblefloor.jpg 736w\" sizes=\"(max-width: 225px) 100vw, 225px\" \/><\/p>\n<p>Lakoss\u00e1gi terekhez t\u00f6k\u00e9letes v\u00e1laszt\u00e1s ha eleged van m\u00e1r a fuga takarit\u00e1sb\u00f3l de ragaszkodsz a m\u00e1rv\u00e1ny designhoz!<\/p>\n<p>[\/et_pb_slide][\/et_pb_slider][et_pb_heading _builder_version=&#8221;4.27.4&#8243; _module_preset=&#8221;default&#8221; global_colors_info=&#8221;{}&#8221;][\/et_pb_heading][\/et_pb_column][\/et_pb_row][\/et_pb_section]<\/p>\n","protected":false},"excerpt":{"rendered":"<p>Referencia Munk\u00e1inkLila-Fekete epoxyt teritett\u00fcnk az \u00fcgyf\u00e9l \u00e1ltal v\u00e1lasztott f\u00e1tyol mint\u00e1zatban.Fekete-Sz\u00fcrke-Gy\u00f6ngyh\u00e1z Feh\u00e9r szinek \u00f6tv\u00f6zet\u00e9t \u00f6nt\u00f6tt\u00fck az aljzatra. A v\u00e9geredm\u00e9ny \u00f6nmag\u00e1\u00e9rt besz\u00e9l!Lakoss\u00e1gi terekhez t\u00f6k\u00e9letes v\u00e1laszt\u00e1s ha eleged van m\u00e1r a fuga takarit\u00e1sb\u00f3l de ragaszkodsz a m\u00e1rv\u00e1ny designhoz! Lila-Fekete epoxyt teritett\u00fcnk az \u00fcgyf\u00e9l \u00e1ltal v\u00e1lasztott f\u00e1tyol mint\u00e1zatban. Fekete-Sz\u00fcrke-Gy\u00f6ngyh\u00e1z Feh\u00e9r szinek \u00f6tv\u00f6zet\u00e9t \u00f6nt\u00f6tt\u00fck az aljzatra. A v\u00e9geredm\u00e9ny \u00f6nmag\u00e1\u00e9rt besz\u00e9l! [&hellip;]<\/p>\n","protected":false},"author":2,"featured_media":0,"parent":0,"menu_order":0,"comment_status":"closed","ping_status":"closed","template":"","meta":{"_et_pb_use_builder":"on","_et_pb_old_content":"","_et_gb_content_width":"","footnotes":""},"class_list":["post-175","page","type-page","status-publish","hentry"],"_links":{"self":[{"href":"https:\/\/epoxymester.hu\/index.php?rest_route=\/wp\/v2\/pages\/175","targetHints":{"allow":["GET"]}}],"collection":[{"href":"https:\/\/epoxymester.hu\/index.php?rest_route=\/wp\/v2\/pages"}],"about":[{"href":"https:\/\/epoxymester.hu\/index.php?rest_route=\/wp\/v2\/types\/page"}],"author":[{"embeddable":true,"href":"https:\/\/epoxymester.hu\/index.php?rest_route=\/wp\/v2\/users\/2"}],"replies":[{"embeddable":true,"href":"https:\/\/epoxymester.hu\/index.php?rest_route=%2Fwp%2Fv2%2Fcomments&post=175"}],"version-history":[{"count":10,"href":"https:\/\/epoxymester.hu\/index.php?rest_route=\/wp\/v2\/pages\/175\/revisions"}],"predecessor-version":[{"id":416,"href":"https:\/\/epoxymester.hu\/index.php?rest_route=\/wp\/v2\/pages\/175\/revisions\/416"}],"wp:attachment":[{"href":"https:\/\/epoxymester.hu\/index.php?rest_route=%2Fwp%2Fv2%2Fmedia&parent=175"}],"curies":[{"name":"wp","href":"https:\/\/api.w.org\/{rel}","templated":true}]}}