{"id":433,"date":"2025-06-23T10:21:40","date_gmt":"2025-06-23T10:21:40","guid":{"rendered":"https:\/\/epoxymester.hu\/?page_id=433"},"modified":"2025-06-23T10:22:13","modified_gmt":"2025-06-23T10:22:13","slug":"433-2","status":"publish","type":"page","link":"https:\/\/epoxymester.hu\/?page_id=433","title":{"rendered":""},"content":{"rendered":"<p>[et_pb_section fb_built=&#8221;1&#8243; _builder_version=&#8221;4.27.4&#8243; _module_preset=&#8221;default&#8221; global_colors_info=&#8221;{}&#8221;][et_pb_row _builder_version=&#8221;4.27.4&#8243; _module_preset=&#8221;default&#8221; global_colors_info=&#8221;{}&#8221;][et_pb_column type=&#8221;4_4&#8243; _builder_version=&#8221;4.27.4&#8243; _module_preset=&#8221;default&#8221; global_colors_info=&#8221;{}&#8221;][et_pb_text _builder_version=&#8221;4.27.4&#8243; _module_preset=&#8221;default&#8221; hover_enabled=&#8221;0&#8243; sticky_enabled=&#8221;0&#8243; inline_fonts=&#8221;Poppins&#8221;]<\/p>\n<h2 style=\"text-align: center;\"><span style=\"font-family: Poppins;\"><em><strong><span style=\"color: #ffffff;\">\u00c1raink<\/span><\/strong><\/em><\/span><\/h2>\n<p>[\/et_pb_text][et_pb_text _builder_version=&#8221;4.27.4&#8243; _module_preset=&#8221;default&#8221; global_colors_info=&#8221;{}&#8221; inline_fonts=&#8221;Poppins&#8221;]<\/p>\n<p><span style=\"color: #ffffff; font-family: Poppins;\">Alap\u00e1runk: 25.000 Ft\/m\u00b2<\/span><\/p>\n<p><span style=\"color: #ffffff; font-family: Poppins;\">Amely az alapszint\u0171 fel\u00fcletkezel\u00e9st nem tartalmazza. <\/span><\/p>\n<p><span style=\"color: #ffffff; font-family: Poppins;\">Ehhez j\u00f6n hozz\u00e1 a betoncsiszol\u00e1s d\u00edja, valamint az egyedi munkad\u00edj ami k\u00fcl\u00f6nleges k\u00e9r\u00e9sek eset\u00e9n aktu\u00e1lis, a fel\u00fclet \u00e1llapot\u00e1t\u00f3l \u00e9s a kivitelez\u00e9s jelleg\u00e9t\u0151l f\u00fcgg\u0151en. <\/span><\/p>\n<p><span style=\"color: #ffffff; font-family: Poppins;\">A pontos \u00e1r\u00e9rt k\u00e9rj szem\u00e9lyre szabott aj\u00e1nlatot hellysz\u00edni felm\u00e9r\u00e9s alapj\u00e1n!<\/span><\/p>\n<p><span style=\"color: #ffffff; font-family: Poppins;\">El\u00e9rhet\u0151s\u00e9g: epoxymester@gmail.com<\/span><\/p>\n<p><span style=\"color: #ffffff;\"><\/span><\/p>\n<p>[\/et_pb_text][\/et_pb_column][\/et_pb_row][\/et_pb_section]<\/p>\n","protected":false},"excerpt":{"rendered":"<p>\u00c1rainkAlap\u00e1runk: 25.000 Ft\/m\u00b2 Amely az alapszint\u0171 fel\u00fcletkezel\u00e9st nem tartalmazza. Ehhez j\u00f6n hozz\u00e1 a betoncsiszol\u00e1s d\u00edja, valamint az egyedi munkad\u00edj ami k\u00fcl\u00f6nleges k\u00e9r\u00e9sek eset\u00e9n aktu\u00e1lis, a fel\u00fclet \u00e1llapot\u00e1t\u00f3l \u00e9s a kivitelez\u00e9s jelleg\u00e9t\u0151l f\u00fcgg\u0151en. A pontos \u00e1r\u00e9rt k\u00e9rj szem\u00e9lyre szabott aj\u00e1nlatot hellysz\u00edni felm\u00e9r\u00e9s alapj\u00e1n! El\u00e9rhet\u0151s\u00e9g: epoxymester@gmail.com<\/p>\n","protected":false},"author":2,"featured_media":0,"parent":0,"menu_order":0,"comment_status":"closed","ping_status":"closed","template":"","meta":{"_et_pb_use_builder":"on","_et_pb_old_content":"","_et_gb_content_width":"","footnotes":""},"class_list":["post-433","page","type-page","status-publish","hentry"],"_links":{"self":[{"href":"https:\/\/epoxymester.hu\/index.php?rest_route=\/wp\/v2\/pages\/433","targetHints":{"allow":["GET"]}}],"collection":[{"href":"https:\/\/epoxymester.hu\/index.php?rest_route=\/wp\/v2\/pages"}],"about":[{"href":"https:\/\/epoxymester.hu\/index.php?rest_route=\/wp\/v2\/types\/page"}],"author":[{"embeddable":true,"href":"https:\/\/epoxymester.hu\/index.php?rest_route=\/wp\/v2\/users\/2"}],"replies":[{"embeddable":true,"href":"https:\/\/epoxymester.hu\/index.php?rest_route=%2Fwp%2Fv2%2Fcomments&post=433"}],"version-history":[{"count":2,"href":"https:\/\/epoxymester.hu\/index.php?rest_route=\/wp\/v2\/pages\/433\/revisions"}],"predecessor-version":[{"id":437,"href":"https:\/\/epoxymester.hu\/index.php?rest_route=\/wp\/v2\/pages\/433\/revisions\/437"}],"wp:attachment":[{"href":"https:\/\/epoxymester.hu\/index.php?rest_route=%2Fwp%2Fv2%2Fmedia&parent=433"}],"curies":[{"name":"wp","href":"https:\/\/api.w.org\/{rel}","templated":true}]}}