{"id":46,"date":"2025-03-24T12:36:56","date_gmt":"2025-03-24T12:36:56","guid":{"rendered":"https:\/\/epoxymester.hu\/?page_id=46"},"modified":"2025-06-19T10:04:41","modified_gmt":"2025-06-19T10:04:41","slug":"elozetes-tervezes","status":"publish","type":"page","link":"https:\/\/epoxymester.hu\/?page_id=46","title":{"rendered":"El\u0151zetes Tervez\u00e9s"},"content":{"rendered":"\n[et_pb_section fb_built=&#8221;1&#8243; _builder_version=&#8221;4.16&#8243; global_colors_info=&#8221;{}&#8221;][et_pb_row _builder_version=&#8221;4.16&#8243; background_size=&#8221;initial&#8221; background_position=&#8221;top_left&#8221; background_repeat=&#8221;repeat&#8221; global_colors_info=&#8221;{}&#8221;][et_pb_column type=&#8221;4_4&#8243; _builder_version=&#8221;4.16&#8243; custom_padding=&#8221;|||&#8221; global_colors_info=&#8221;{}&#8221; custom_padding__hover=&#8221;|||&#8221;][et_pb_text _builder_version=&#8221;4.27.4&#8243; background_size=&#8221;initial&#8221; background_position=&#8221;top_left&#8221; background_repeat=&#8221;repeat&#8221; hover_enabled=&#8221;0&#8243; global_colors_info=&#8221;{}&#8221; sticky_enabled=&#8221;0&#8243;]<p style=\"text-align: center;\"><\/p>\n<p><span style=\"font-size: large;\"><strong><span style=\"color: #ffffff;\">Szeretn\u00e9l egy igaz\u00e1n k\u00fcl\u00f6nleges, szem\u00e9lyre szabott epoxy padl\u00f3t? Mi seg\u00edt\u00fcnk megval\u00f3s\u00edtani elk\u00e9pzel\u00e9seidet!<\/span><\/strong><\/span><\/p>\n<p>&nbsp;<\/p>\n<p><span style=\"color: #ffffff; font-size: medium;\"><!-- \/divi:paragraph --><\/span><\/p>\n<p><span style=\"color: #ffffff; font-size: medium;\">K\u00e9rj\u00fck, k\u00fcldj egy e-mailt az al\u00e1bbiak szerint:<\/span><span style=\"color: #ffffff; font-size: medium;\"><!-- divi:paragraph {\"className\":\"\"} --><\/span><\/p>\n<p><span style=\"color: #ffffff; font-size: medium;\"><!-- \/divi:paragraph --><\/span><\/p>\n<p><span style=\"color: #ffffff; font-size: medium;\">\ud83d\udcf8 <strong>1. Csatolj egy k\u00e9pet<\/strong> arr\u00f3l a helyis\u00e9gr\u0151l, ahov\u00e1 az epoxy padl\u00f3t szeretn\u00e9d \u2013 \u00edgy pontosabb k\u00e9pet kapunk a t\u00e9r adotts\u00e1gair\u00f3l.<\/span><br \/><span style=\"color: #ffffff; font-size: medium;\">\ud83c\udfa8 <strong>2. \u00cdrd meg, milyen sz\u00edneket szeretn\u00e9l<\/strong> a padl\u00f3ban l\u00e1tni \u2013 ak\u00e1r konkr\u00e9t \u00e1rnyalatokat, vagy csak hangulatot is megadhatsz (pl. f\u00f6ldsz\u00ednek, eleg\u00e1ns fekete-arany, tengerparti k\u00e9kek stb.).<\/span><span style=\"color: #ffffff; font-size: medium;\"><!-- divi:paragraph {\"className\":\"\"} --><\/span><\/p>\n<p><span style=\"color: #ffffff; font-size: medium;\"><!-- \/divi:paragraph --><\/span><\/p>\n<p><span style=\"color: #ffffff; font-size: medium;\">Mi ezek alapj\u00e1n elk\u00e9sz\u00edt\u00fcnk egy sz\u00ednkombin\u00e1ci\u00f3t, amit v\u00e1laszk\u00e9nt e-mailben visszak\u00fcld\u00fcnk neked. \u00cdgy k\u00f6nnyebben el tudod k\u00e9pzelni a v\u00e9geredm\u00e9nyt, \u00e9s egy\u00fctt megtal\u00e1ljuk a t\u00f6k\u00e9letes megold\u00e1st!<\/span><\/p>\n<p>&nbsp;<\/p>\n<p style=\"text-align: center;\"><span style=\"font-size: large;\"><strong><span style=\"color: #ffffff;\">\ud83d\udce9 E-mail c\u00edm: epoxymester@gmail.com<\/span><\/strong><\/span><\/p>\n<p>&nbsp;<\/p>\n<p><span style=\"color: #ffffff; font-size: medium;\"><!-- \/divi:paragraph --><\/span><\/p>\n<p>&nbsp;<\/p>\n<p><span style=\"color: #ffffff; font-size: medium;\"><!-- divi:list --><\/span><\/p>\n<ul class=\"wp-block-list\">\n<ul class=\"wp-block-list\">\n<ul class=\"wp-block-list\"><!-- divi:list-item --><\/ul>\n<\/ul>\n<\/ul>\n<p>&nbsp;<\/p>\n<p>&nbsp;<\/p>\n<p><span style=\"color: #ffffff; font-size: medium;\"><!-- \/divi:list-item --><\/span><\/p>\n<p>&nbsp;<\/p>\n<p><span style=\"color: #ffffff; font-size: medium;\"><!-- \/divi:list --><\/span><\/p>\n<p>&nbsp;<\/p>\n<p><span style=\"color: #ffffff; font-size: medium;\"><!-- divi:paragraph --><\/span><\/p>\n<p>&nbsp;<\/p>\n<p>&nbsp;<\/p>\n<p><span style=\"color: rgba(255, 255, 255, 0);\"><!-- \/divi:paragraph --><\/span><\/p>[\/et_pb_text][\/et_pb_column][\/et_pb_row][\/et_pb_section]\n","protected":false},"excerpt":{"rendered":"<p>Szeretn\u00e9l egy igaz\u00e1n k\u00fcl\u00f6nleges, szem\u00e9lyre szabott epoxy padl\u00f3t? Mi seg\u00edt\u00fcnk megval\u00f3s\u00edtani elk\u00e9pzel\u00e9seidet! &nbsp; K\u00e9rj\u00fck, k\u00fcldj egy e-mailt az al\u00e1bbiak szerint: \ud83d\udcf8 1. Csatolj egy k\u00e9pet arr\u00f3l a helyis\u00e9gr\u0151l, ahov\u00e1 az epoxy padl\u00f3t szeretn\u00e9d \u2013 \u00edgy pontosabb k\u00e9pet kapunk a t\u00e9r adotts\u00e1gair\u00f3l.\ud83c\udfa8 2. \u00cdrd meg, milyen sz\u00edneket szeretn\u00e9l a padl\u00f3ban l\u00e1tni \u2013 ak\u00e1r konkr\u00e9t \u00e1rnyalatokat, vagy [&hellip;]<\/p>\n","protected":false},"author":2,"featured_media":0,"parent":0,"menu_order":0,"comment_status":"closed","ping_status":"closed","template":"","meta":{"_et_pb_use_builder":"on","_et_pb_old_content":"<!-- wp:paragraph {\"className\":\"\"} -->\n<p>Szeretn\u00e9l egy igaz\u00e1n k\u00fcl\u00f6nleges, szem\u00e9lyre szabott epoxy padl\u00f3t? Mi seg\u00edt\u00fcnk megval\u00f3s\u00edtani elk\u00e9pzel\u00e9seidet!<\/p>\n<!-- \/wp:paragraph -->\n\n<!-- wp:paragraph {\"className\":\"\"} -->\n<p>K\u00e9rj\u00fck, k\u00fcldj egy e-mailt az al\u00e1bbiak szerint:<\/p>\n<!-- \/wp:paragraph -->\n\n<!-- wp:paragraph {\"className\":\"\"} -->\n<p>\ud83d\udcf8 <strong>1. Csatolj egy k\u00e9pet<\/strong> arr\u00f3l a helyis\u00e9gr\u0151l, ahov\u00e1 az epoxy padl\u00f3t szeretn\u00e9d \u2013 \u00edgy pontosabb k\u00e9pet kapunk a t\u00e9r adotts\u00e1gair\u00f3l.<br>\ud83c\udfa8 <strong>2. \u00cdrd meg, milyen sz\u00edneket szeretn\u00e9l<\/strong> a padl\u00f3ban l\u00e1tni \u2013 ak\u00e1r konkr\u00e9t \u00e1rnyalatokat, vagy csak hangulatot is megadhatsz (pl. f\u00f6ldsz\u00ednek, eleg\u00e1ns fekete-arany, tengerparti k\u00e9kek stb.).<\/p>\n<!-- \/wp:paragraph -->\n\n<!-- wp:paragraph {\"className\":\"\"} -->\n<p>Mi ezek alapj\u00e1n elk\u00e9sz\u00edt\u00fcnk egy sz\u00ednkombin\u00e1ci\u00f3t, amit v\u00e1laszk\u00e9nt e-mailben visszak\u00fcld\u00fcnk neked. \u00cdgy k\u00f6nnyebben el tudod k\u00e9pzelni a v\u00e9geredm\u00e9nyt, \u00e9s egy\u00fctt megtal\u00e1ljuk a t\u00f6k\u00e9letes megold\u00e1st!<br><br>\ud83d\udce9 E-mail c\u00edm: epoxymester@gmail.com<\/p>\n<!-- \/wp:paragraph -->\n\n<!-- wp:list -->\n<ul class=\"wp-block-list\"><!-- wp:list-item -->\n<li><\/li>\n<!-- \/wp:list-item --><\/ul>\n<!-- \/wp:list -->\n\n<!-- wp:paragraph -->\n<p><\/p>\n<!-- \/wp:paragraph -->","_et_gb_content_width":"","footnotes":""},"class_list":["post-46","page","type-page","status-publish","hentry"],"_links":{"self":[{"href":"https:\/\/epoxymester.hu\/index.php?rest_route=\/wp\/v2\/pages\/46","targetHints":{"allow":["GET"]}}],"collection":[{"href":"https:\/\/epoxymester.hu\/index.php?rest_route=\/wp\/v2\/pages"}],"about":[{"href":"https:\/\/epoxymester.hu\/index.php?rest_route=\/wp\/v2\/types\/page"}],"author":[{"embeddable":true,"href":"https:\/\/epoxymester.hu\/index.php?rest_route=\/wp\/v2\/users\/2"}],"replies":[{"embeddable":true,"href":"https:\/\/epoxymester.hu\/index.php?rest_route=%2Fwp%2Fv2%2Fcomments&post=46"}],"version-history":[{"count":9,"href":"https:\/\/epoxymester.hu\/index.php?rest_route=\/wp\/v2\/pages\/46\/revisions"}],"predecessor-version":[{"id":395,"href":"https:\/\/epoxymester.hu\/index.php?rest_route=\/wp\/v2\/pages\/46\/revisions\/395"}],"wp:attachment":[{"href":"https:\/\/epoxymester.hu\/index.php?rest_route=%2Fwp%2Fv2%2Fmedia&parent=46"}],"curies":[{"name":"wp","href":"https:\/\/api.w.org\/{rel}","templated":true}]}}