{"id":56,"date":"2025-03-24T11:53:01","date_gmt":"2025-03-24T11:53:01","guid":{"rendered":"https:\/\/epoxymester.hu\/?page_id=56"},"modified":"2025-06-17T14:07:02","modified_gmt":"2025-06-17T14:07:02","slug":"tudj-meg-tobbet-az-epoxyrol","status":"publish","type":"page","link":"https:\/\/epoxymester.hu\/?page_id=56","title":{"rendered":"Tudj meg t\u00f6bbet az epoxyr\u00f3l!"},"content":{"rendered":"<p>[et_pb_section fb_built=&#8221;1&#8243; _builder_version=&#8221;4.27.4&#8243; hover_enabled=&#8221;0&#8243; global_colors_info=&#8221;{}&#8221; background_color=&#8221;#FFFFFF&#8221; sticky_enabled=&#8221;0&#8243;][et_pb_row _builder_version=&#8221;4.16&#8243; background_size=&#8221;initial&#8221; background_position=&#8221;top_left&#8221; background_repeat=&#8221;repeat&#8221; global_colors_info=&#8221;{}&#8221;][et_pb_column type=&#8221;4_4&#8243; _builder_version=&#8221;4.16&#8243; custom_padding=&#8221;|||&#8221; global_colors_info=&#8221;{}&#8221; custom_padding__hover=&#8221;|||&#8221;][et_pb_text _builder_version=&#8221;4.16&#8243; background_size=&#8221;initial&#8221; background_position=&#8221;top_left&#8221; background_repeat=&#8221;repeat&#8221; global_colors_info=&#8221;{}&#8221;]<\/p>\n<p><span style=\"color: #000000;\">Az epoxy padl\u00f3 egy h\u0151re kem\u00e9nyed\u0151 gyantaalap\u00fa bevonat, amelyet betonfel\u00fcletekre visznek fel a tart\u00f3ss\u00e1g \u00e9s ellen\u00e1ll\u00f3s\u00e1g \u00e9rdek\u00e9ben. Ez a bevonat k\u00e9t komponensb\u0151l \u00e1ll: egy r\u00e9sz sz\u00ednezett vagy \u00e1tl\u00e1tsz\u00f3 epoxy gyant\u00e1b\u00f3l \u00e9s egy r\u00e9sz poliamin edz\u0151b\u0151l.<\/span><span style=\"color: #000000;\"><!-- divi:paragraph --><\/span><\/p>\n<p><span style=\"color: #000000;\"><!-- \/divi:paragraph --><\/span><\/p>\n<p><span style=\"color: #000000;\"> Amikor ezeket \u00f6sszekeverik, egy k\u00e9miai reakci\u00f3 indul el, amely beind\u00edtja a t\u00e9rh\u00e1l\u00f3sod\u00e1si folyamatot. Az edz\u0151 kataliz\u00e1tork\u00e9nt m\u0171k\u00f6dik, \u00e9s exoterm reakci\u00f3t hoz l\u00e9tre, amely sor\u00e1n a gyanta megszil\u00e1rdul. A t\u00e9rh\u00e1l\u00f3sod\u00e1s sor\u00e1n szorosan \u00f6sszekapcsol\u00f3d\u00f3 polimer szerkezetek alakulnak ki, amelyek rendk\u00edv\u00fcli szil\u00e1rds\u00e1got \u00e9s ellen\u00e1ll\u00f3s\u00e1got biztos\u00edtanak az epoxy padl\u00f3nak.<\/span><span style=\"color: #000000;\"><!-- divi:paragraph --><\/span><\/p>\n<p><span style=\"color: #000000;\"><!-- \/divi:paragraph --><\/span><\/p>\n<p><span style=\"color: #000000;\"> A v\u00e9geredm\u00e9ny egy vastag, strapab\u00edr\u00f3 bevonat, amely er\u0151sen tapad a megfelel\u0151en el\u0151k\u00e9sz\u00edtett betonfel\u00fclethez, \u00edgy hossz\u00fa t\u00e1v\u00fa v\u00e9delmet \u00e9s eszt\u00e9tikus megjelen\u00e9st biztos\u00edt.<\/span><\/p>\n<h2 class=\"wp-block-heading\"><span style=\"color: #000000;\">Mi\u00e9rt v\u00e1lassza az epoxy padl\u00f3t hagyom\u00e1nyos burkolatok helyett?<\/span><\/h2>\n<p><span style=\"color: #000000;\"><!-- \/divi:heading --><\/span><\/p>\n<p><span style=\"color: #000000;\"><!-- divi:paragraph --><\/span><\/p>\n<p><span style=\"color: #000000;\">Az epoxy padl\u00f3 nemcsak l\u00e1tv\u00e1nyos, hanem sz\u00e1mos olyan el\u0151nnyel rendelkezik, amelyek miatt jobb v\u00e1laszt\u00e1s lehet, mint a hagyom\u00e1nyos csempe, parketta vagy betonburkolat.<\/span><\/p>\n<p><span style=\"color: #000000;\"><!-- \/divi:paragraph --><\/span><\/p>\n<p><span style=\"color: #000000;\"><!-- divi:list --><\/span><\/p>\n<ul class=\"wp-block-list\"><!-- divi:list-item --><\/p>\n<li><span style=\"color: #000000;\">Egyedi \u00e9s modern megjelen\u00e9s \u2013 Nincs k\u00e9t egyforma epoxy padl\u00f3, hiszen szinte v\u00e9gtelen sz\u00edn- \u00e9s mint\u00e1zatvari\u00e1ci\u00f3ban k\u00e9sz\u00edthet\u0151, \u00edgy teljesen egyedi designt adhat otthon\u00e1nak.<\/span><\/li>\n<p><!-- \/divi:list-item --> <!-- divi:list-item --><\/p>\n<li><span style=\"color: #000000;\">Folytonos, fugamentes fel\u00fclet \u2013 A hagyom\u00e1nyos burkolatokkal ellent\u00e9tben az epoxy padl\u00f3 egybef\u00fcgg\u0151 fel\u00fcletet k\u00e9pez, \u00edgy nincsenek r\u00e9sek, ahol a kosz \u00e9s a bakt\u00e9riumok megtelepedhetnek.<\/span><\/li>\n<p><!-- \/divi:list-item --> <!-- divi:list-item --><\/p>\n<li><span style=\"color: #000000;\">V\u00edz- \u00e9s folt\u00e1ll\u00f3 \u2013 A csempe fug\u00e1i id\u0151vel elsz\u00ednez\u0151dhetnek, a parketta pedig \u00e9rz\u00e9keny a nedvess\u00e9gre, m\u00edg az epoxy teljesen v\u00edz\u00e1ll\u00f3, \u00edgy f\u00fcrd\u0151szob\u00e1kba \u00e9s konyh\u00e1kba is ide\u00e1lis.<\/span><\/li>\n<p><!-- \/divi:list-item --> <!-- divi:list-item --><\/p>\n<li><span style=\"color: #000000;\">Strapab\u00edr\u00f3 \u00e9s kop\u00e1s\u00e1ll\u00f3 \u2013 A parketta k\u00f6nnyen karcol\u00f3dik, a csempe pedig elt\u00f6rhet egy leejtett t\u00e1rgyt\u00f3l, m\u00edg az epoxy rendk\u00edv\u00fcl ellen\u00e1ll\u00f3 a mechanikai \u00e9s vegyi hat\u00e1sokkal szemben.<\/span><\/li>\n<p><!-- \/divi:list-item --> <!-- divi:list-item --><\/p>\n<li><span style=\"color: #000000;\">K\u00f6nnyen tiszt\u00edthat\u00f3 \u2013 A sima, p\u00f3rusmentes fel\u00fcleten a szennyez\u0151d\u00e9sek nem tapadnak meg, \u00edgy egyszer\u0171en tiszt\u00e1n tarthat\u00f3, nincs sz\u00fcks\u00e9g speci\u00e1lis tiszt\u00edt\u00f3szerekre.<\/span><\/li>\n<p><!-- \/divi:list-item --> <!-- divi:list-item --><\/p>\n<li><span style=\"color: #000000;\">Hossz\u00fa \u00e9lettartam \u2013 M\u00edg a hagyom\u00e1nyos burkolatok id\u0151vel kopnak \u00e9s cser\u00e9re szorulnak, az epoxy padl\u00f3 megfelel\u0151 karbantart\u00e1s mellett \u00e9vtizedekig meg\u0151rzi min\u0151s\u00e9g\u00e9t. <\/span><\/li>\n<p><!-- \/divi:list-item --> <!-- divi:list-item --><\/p>\n<li><span style=\"color: #000000;\">Cs\u00fasz\u00e1sg\u00e1tl\u00f3 bevonattal ell\u00e1that\u00f3 \u2013 Biztons\u00e1gosabb, mint a hagyom\u00e1nyos csemp\u00e9k, mert speci\u00e1lis fel\u00fcleti kezel\u00e9ssel cs\u00fasz\u00e1smentess\u00e9 tehet\u0151.<\/span><\/li>\n<\/ul>\n<p><span style=\"color: #000000;\"><!-- \/divi:list --><\/span><\/p>\n<p><span style=\"color: #000000;\"><!-- divi:heading --><\/span><\/p>\n<h2 class=\"wp-block-heading\"><span style=\"color: #000000;\">N\u00f6velje \u00fczlete bev\u00e9tel\u00e9t epoxy padl\u00f3val! <\/span><\/h2>\n<p><span style=\"color: #000000;\"><!-- \/divi:heading --><\/span><\/p>\n<p><span style=\"color: #000000;\"><!-- divi:paragraph --><\/span><\/p>\n<p><span style=\"color: #000000;\"> Egy modern, pr\u00e9mium k\u00f6rnyezet t\u00f6bb v\u00e1s\u00e1rl\u00f3t vonz \u00e9s n\u00f6veli a bev\u00e9telt. Az epoxy padl\u00f3 sz\u00e1mos \u00fczleti el\u0151nnyel j\u00e1r:<\/span><\/p>\n<p><span style=\"color: #000000;\"><!-- \/divi:paragraph --><\/span><\/p>\n<p><span style=\"color: #000000;\"><!-- divi:list --><\/span><\/p>\n<ul class=\"wp-block-list\"><!-- divi:list-item --><\/p>\n<li><span style=\"color: #000000;\">Versenyel\u0151ny \u2192 Egyedi designal kiemelkedhet a konkurencia k\u00f6z\u00fcl. <\/span><\/li>\n<p><!-- \/divi:list-item --> <!-- divi:list-item --><\/p>\n<li><span style=\"color: #000000;\">A leny\u0171g\u00f6z\u0151 l\u00e1tv\u00e1ny hat\u00e1s\u00e1ra t\u00f6bb id\u0151t t\u00f6ltenek bent a v\u00e1s\u00e1rl\u00f3k \u2192 K\u00e9nyelmesebb, vonz\u00f3bb t\u00e9r, ami n\u00f6veli a v\u00e1s\u00e1rl\u00e1si hajland\u00f3s\u00e1got. <\/span><\/li>\n<p><!-- \/divi:list-item --> <!-- divi:list-item --><\/p>\n<li><span style=\"color: #000000;\">Luxus hat\u00e1sa miatt nagyobb bizalom, magasabb \u00e1rak elfogad\u00e1sa \u2192 Az ig\u00e9nyes megjelen\u00e9s min\u0151s\u00e9get sugall. <\/span><\/li>\n<p><!-- \/divi:list-item --> <!-- divi:list-item --><\/p>\n<li><span style=\"color: #000000;\">Tart\u00f3s \u00e9s k\u00f6lts\u00e9ghat\u00e9kony \u2192 Nem kopik, nem reped, hossz\u00fa t\u00e1von megt\u00e9r\u00fcl. <\/span><\/li>\n<p><!-- \/divi:list-item --> <!-- divi:list-item --><\/p>\n<li><span style=\"color: #000000;\">Higi\u00e9nikus, k\u00f6nnyen tiszt\u00edthat\u00f3 \u2192 Mindig rendezett, tiszta \u00fczlethelyis\u00e9g.<\/span><\/li>\n<\/ul>\n<p><span style=\"color: #000000;\"><!-- \/divi:list --><\/span><\/p>\n<p><span style=\"color: #000000;\"><!-- divi:heading --><\/span><\/p>\n<h2 class=\"wp-block-heading\"><span style=\"color: #000000;\">Tegye v\u00e1s\u00e1rl\u00f3it el\u00e9gedettebb\u00e9 \u00e9s biztos\u00edtsa sz\u00e1mukra a felejthetetlen v\u00e1s\u00e1rl\u00e1si \u00e9lm\u00e9nyt!<\/span><\/h2>\n<p><span style=\"color: #000000;\"><!-- \/divi:heading --><\/span><\/p>\n<p><span style=\"color: #000000;\"><!-- divi:paragraph --><\/span><\/p>\n<p>&nbsp;<\/p>\n<p><span style=\"color: rgba(255, 255, 255, 0);\"><!-- \/divi:paragraph --><\/span><\/p>\n<p>[\/et_pb_text][\/et_pb_column][\/et_pb_row][\/et_pb_section]<\/p>\n","protected":false},"excerpt":{"rendered":"<p>Az epoxy padl\u00f3 egy h\u0151re kem\u00e9nyed\u0151 gyantaalap\u00fa bevonat, amelyet betonfel\u00fcletekre visznek fel a tart\u00f3ss\u00e1g \u00e9s ellen\u00e1ll\u00f3s\u00e1g \u00e9rdek\u00e9ben. Ez a bevonat k\u00e9t komponensb\u0151l \u00e1ll: egy r\u00e9sz sz\u00ednezett vagy \u00e1tl\u00e1tsz\u00f3 epoxy gyant\u00e1b\u00f3l \u00e9s egy r\u00e9sz poliamin edz\u0151b\u0151l. Amikor ezeket \u00f6sszekeverik, egy k\u00e9miai reakci\u00f3 indul el, amely beind\u00edtja a t\u00e9rh\u00e1l\u00f3sod\u00e1si folyamatot. Az edz\u0151 kataliz\u00e1tork\u00e9nt m\u0171k\u00f6dik, \u00e9s exoterm reakci\u00f3t [&hellip;]<\/p>\n","protected":false},"author":2,"featured_media":0,"parent":0,"menu_order":0,"comment_status":"closed","ping_status":"closed","template":"","meta":{"_et_pb_use_builder":"on","_et_pb_old_content":"<!-- wp:paragraph -->\n<p>Az epoxy padl\u00f3 egy h\u0151re kem\u00e9nyed\u0151 gyantaalap\u00fa bevonat, amelyet betonfel\u00fcletekre visznek fel a tart\u00f3ss\u00e1g \u00e9s ellen\u00e1ll\u00f3s\u00e1g \u00e9rdek\u00e9ben. Ez a bevonat k\u00e9t komponensb\u0151l \u00e1ll: egy r\u00e9sz sz\u00ednezett vagy \u00e1tl\u00e1tsz\u00f3 epoxy gyant\u00e1b\u00f3l \u00e9s egy r\u00e9sz poliamin edz\u0151b\u0151l.<\/p>\n<!-- \/wp:paragraph -->\n\n<!-- wp:paragraph -->\n<p> Amikor ezeket \u00f6sszekeverik, egy k\u00e9miai reakci\u00f3 indul el, amely beind\u00edtja a t\u00e9rh\u00e1l\u00f3sod\u00e1si folyamatot. Az edz\u0151 kataliz\u00e1tork\u00e9nt m\u0171k\u00f6dik, \u00e9s exoterm reakci\u00f3t hoz l\u00e9tre, amely sor\u00e1n a gyanta megszil\u00e1rdul. A t\u00e9rh\u00e1l\u00f3sod\u00e1s sor\u00e1n szorosan \u00f6sszekapcsol\u00f3d\u00f3 polimer szerkezetek alakulnak ki, amelyek rendk\u00edv\u00fcli szil\u00e1rds\u00e1got \u00e9s ellen\u00e1ll\u00f3s\u00e1got biztos\u00edtanak az epoxy padl\u00f3nak.<\/p>\n<!-- \/wp:paragraph -->\n\n<!-- wp:paragraph -->\n<p> A v\u00e9geredm\u00e9ny egy vastag, strapab\u00edr\u00f3 bevonat, amely er\u0151sen tapad a megfelel\u0151en el\u0151k\u00e9sz\u00edtett betonfel\u00fclethez, \u00edgy hossz\u00fa t\u00e1v\u00fa v\u00e9delmet \u00e9s eszt\u00e9tikus megjelen\u00e9st biztos\u00edt.<\/p>\n<!-- \/wp:paragraph -->\n\n<!-- wp:heading -->\n<h2 class=\"wp-block-heading\">Mi\u00e9rt v\u00e1lassza az epoxy padl\u00f3t hagyom\u00e1nyos burkolatok helyett?<\/h2>\n<!-- \/wp:heading -->\n\n<!-- wp:paragraph -->\n<p>Az epoxy padl\u00f3 nemcsak l\u00e1tv\u00e1nyos, hanem sz\u00e1mos olyan el\u0151nnyel rendelkezik, amelyek miatt jobb v\u00e1laszt\u00e1s lehet, mint a hagyom\u00e1nyos csempe, parketta vagy betonburkolat.<\/p>\n<!-- \/wp:paragraph -->\n\n<!-- wp:list -->\n<ul class=\"wp-block-list\"><!-- wp:list-item -->\n<li>Egyedi \u00e9s modern megjelen\u00e9s \u2013 Nincs k\u00e9t egyforma epoxy padl\u00f3, hiszen szinte v\u00e9gtelen sz\u00edn- \u00e9s mint\u00e1zatvari\u00e1ci\u00f3ban k\u00e9sz\u00edthet\u0151, \u00edgy teljesen egyedi designt adhat otthon\u00e1nak.<\/li>\n<!-- \/wp:list-item -->\n\n<!-- wp:list-item -->\n<li>Folytonos, fugamentes fel\u00fclet \u2013 A hagyom\u00e1nyos burkolatokkal ellent\u00e9tben az epoxy padl\u00f3 egybef\u00fcgg\u0151 fel\u00fcletet k\u00e9pez, \u00edgy nincsenek r\u00e9sek, ahol a kosz \u00e9s a bakt\u00e9riumok megtelepedhetnek.<\/li>\n<!-- \/wp:list-item -->\n\n<!-- wp:list-item -->\n<li>V\u00edz- \u00e9s folt\u00e1ll\u00f3 \u2013 A csempe fug\u00e1i id\u0151vel elsz\u00ednez\u0151dhetnek, a parketta pedig \u00e9rz\u00e9keny a nedvess\u00e9gre, m\u00edg az epoxy teljesen v\u00edz\u00e1ll\u00f3, \u00edgy f\u00fcrd\u0151szob\u00e1kba \u00e9s konyh\u00e1kba is ide\u00e1lis.<\/li>\n<!-- \/wp:list-item -->\n\n<!-- wp:list-item -->\n<li>Strapab\u00edr\u00f3 \u00e9s kop\u00e1s\u00e1ll\u00f3 \u2013 A parketta k\u00f6nnyen karcol\u00f3dik, a csempe pedig elt\u00f6rhet egy leejtett t\u00e1rgyt\u00f3l, m\u00edg az epoxy rendk\u00edv\u00fcl ellen\u00e1ll\u00f3 a mechanikai \u00e9s vegyi hat\u00e1sokkal szemben.<\/li>\n<!-- \/wp:list-item -->\n\n<!-- wp:list-item -->\n<li>K\u00f6nnyen tiszt\u00edthat\u00f3 \u2013 A sima, p\u00f3rusmentes fel\u00fcleten a szennyez\u0151d\u00e9sek nem tapadnak meg, \u00edgy egyszer\u0171en tiszt\u00e1n tarthat\u00f3, nincs sz\u00fcks\u00e9g speci\u00e1lis tiszt\u00edt\u00f3szerekre.<\/li>\n<!-- \/wp:list-item -->\n\n<!-- wp:list-item -->\n<li>Hossz\u00fa \u00e9lettartam \u2013 M\u00edg a hagyom\u00e1nyos burkolatok id\u0151vel kopnak \u00e9s cser\u00e9re szorulnak, az epoxy padl\u00f3 megfelel\u0151 karbantart\u00e1s mellett \u00e9vtizedekig meg\u0151rzi min\u0151s\u00e9g\u00e9t. <\/li>\n<!-- \/wp:list-item -->\n\n<!-- wp:list-item -->\n<li>Cs\u00fasz\u00e1sg\u00e1tl\u00f3 bevonattal ell\u00e1that\u00f3 \u2013 Biztons\u00e1gosabb, mint a hagyom\u00e1nyos csemp\u00e9k, mert speci\u00e1lis fel\u00fcleti kezel\u00e9ssel cs\u00fasz\u00e1smentess\u00e9 tehet\u0151.<\/li>\n<!-- \/wp:list-item --><\/ul>\n<!-- \/wp:list -->\n\n<!-- wp:heading -->\n<h2 class=\"wp-block-heading\">N\u00f6velje \u00fczlete bev\u00e9tel\u00e9t epoxy padl\u00f3val! <\/h2>\n<!-- \/wp:heading -->\n\n<!-- wp:paragraph -->\n<p> Egy modern, pr\u00e9mium k\u00f6rnyezet t\u00f6bb v\u00e1s\u00e1rl\u00f3t vonz \u00e9s n\u00f6veli a bev\u00e9telt. Az epoxy padl\u00f3 sz\u00e1mos \u00fczleti el\u0151nnyel j\u00e1r:<\/p>\n<!-- \/wp:paragraph -->\n\n<!-- wp:list -->\n<ul class=\"wp-block-list\"><!-- wp:list-item -->\n<li>Versenyel\u0151ny \u2192 Egyedi designal kiemelkedhet a konkurencia k\u00f6z\u00fcl. <\/li>\n<!-- \/wp:list-item -->\n\n<!-- wp:list-item -->\n<li>A leny\u0171g\u00f6z\u0151 l\u00e1tv\u00e1ny hat\u00e1s\u00e1ra t\u00f6bb id\u0151t t\u00f6ltenek bent a v\u00e1s\u00e1rl\u00f3k \u2192 K\u00e9nyelmesebb, vonz\u00f3bb t\u00e9r, ami n\u00f6veli a v\u00e1s\u00e1rl\u00e1si hajland\u00f3s\u00e1got. <\/li>\n<!-- \/wp:list-item -->\n\n<!-- wp:list-item -->\n<li>Luxus hat\u00e1sa miatt nagyobb bizalom, magasabb \u00e1rak elfogad\u00e1sa \u2192 Az ig\u00e9nyes megjelen\u00e9s min\u0151s\u00e9get sugall. <\/li>\n<!-- \/wp:list-item -->\n\n<!-- wp:list-item -->\n<li>Tart\u00f3s \u00e9s k\u00f6lts\u00e9ghat\u00e9kony \u2192 Nem kopik, nem reped, hossz\u00fa t\u00e1von megt\u00e9r\u00fcl. <\/li>\n<!-- \/wp:list-item -->\n\n<!-- wp:list-item -->\n<li>Higi\u00e9nikus, k\u00f6nnyen tiszt\u00edthat\u00f3 \u2192 Mindig rendezett, tiszta \u00fczlethelyis\u00e9g.<\/li>\n<!-- \/wp:list-item --><\/ul>\n<!-- \/wp:list -->\n\n<!-- wp:heading -->\n<h2 class=\"wp-block-heading\">Tegye v\u00e1s\u00e1rl\u00f3it el\u00e9gedettebb\u00e9 \u00e9s biztos\u00edtsa sz\u00e1mukra a felejthetetlen v\u00e1s\u00e1rl\u00e1si \u00e9lm\u00e9nyt!<\/h2>\n<!-- \/wp:heading -->\n\n<!-- wp:paragraph -->\n<p><\/p>\n<!-- \/wp:paragraph -->","_et_gb_content_width":"","footnotes":""},"class_list":["post-56","page","type-page","status-publish","hentry"],"_links":{"self":[{"href":"https:\/\/epoxymester.hu\/index.php?rest_route=\/wp\/v2\/pages\/56","targetHints":{"allow":["GET"]}}],"collection":[{"href":"https:\/\/epoxymester.hu\/index.php?rest_route=\/wp\/v2\/pages"}],"about":[{"href":"https:\/\/epoxymester.hu\/index.php?rest_route=\/wp\/v2\/types\/page"}],"author":[{"embeddable":true,"href":"https:\/\/epoxymester.hu\/index.php?rest_route=\/wp\/v2\/users\/2"}],"replies":[{"embeddable":true,"href":"https:\/\/epoxymester.hu\/index.php?rest_route=%2Fwp%2Fv2%2Fcomments&post=56"}],"version-history":[{"count":8,"href":"https:\/\/epoxymester.hu\/index.php?rest_route=\/wp\/v2\/pages\/56\/revisions"}],"predecessor-version":[{"id":214,"href":"https:\/\/epoxymester.hu\/index.php?rest_route=\/wp\/v2\/pages\/56\/revisions\/214"}],"wp:attachment":[{"href":"https:\/\/epoxymester.hu\/index.php?rest_route=%2Fwp%2Fv2%2Fmedia&parent=56"}],"curies":[{"name":"wp","href":"https:\/\/api.w.org\/{rel}","templated":true}]}}